{"id":1079,"date":"2024-08-27T20:24:08","date_gmt":"2024-08-27T20:24:08","guid":{"rendered":"http:\/\/elpuente.pictures\/blog\/"},"modified":"2024-09-29T21:47:00","modified_gmt":"2024-09-29T21:47:00","slug":"blog","status":"publish","type":"page","link":"https:\/\/elpuente.pictures\/en\/blog\/","title":{"rendered":"Blog"},"content":{"rendered":"\n<div class=\"wp-block-uagb-container uagb-block-670b2ef8 alignfull uagb-is-root-container\"><div class=\"uagb-container-inner-blocks-wrap\">\n\t\t\t<div class=\"wp-block-uagb-post-carousel uagb-post-grid  uagb-post__image-position-top uagb-post__image-enabled uagb-block-49f3d964     uagb-post__arrow-outside uagb-post__items uagb-post__columns-3 is-carousel uagb-post__columns-tablet-2 uagb-post__columns-mobile-1\" data-total=\"1\" style=\"\">\n\n\t\t\t\t\t\t\t\t\t\t\t\t<article class=\"uagb-post__inner-wrap\">\t\t\t\t\t\t\t\t<div class='uagb-post__image'>\n\t\t\t\t\t\t\t\t\t<a href=\"https:\/\/elpuente.pictures\/en\/la-seleccion-de-rafa-montenegro\/\" target=\"_self\" rel=\"bookmark noopener noreferrer\"><img loading=\"lazy\" decoding=\"async\" width=\"790\" height=\"593\" src=\"https:\/\/elpuente.pictures\/wp-content\/uploads\/2024\/09\/Rafa6-1024x768.jpeg\" class=\"attachment-large size-large\" alt=\"\" srcset=\"https:\/\/elpuente.pictures\/wp-content\/uploads\/2024\/09\/Rafa6-1024x768.jpeg 1024w, https:\/\/elpuente.pictures\/wp-content\/uploads\/2024\/09\/Rafa6-300x225.jpeg 300w, https:\/\/elpuente.pictures\/wp-content\/uploads\/2024\/09\/Rafa6-768x576.jpeg 768w, https:\/\/elpuente.pictures\/wp-content\/uploads\/2024\/09\/Rafa6-1536x1152.jpeg 1536w, https:\/\/elpuente.pictures\/wp-content\/uploads\/2024\/09\/Rafa6.jpeg 2048w\" sizes=\"auto, (max-width: 790px) 100vw, 790px\" \/>\t\t\t\t\t<\/a>\n\t\t\t\t\t\t\t\t\t<\/div>\n\t\t\t\t\t\t<h4 class=\"uagb-post__title uagb-post__text\">\n\t\t\t\t<a href=\"https:\/\/elpuente.pictures\/en\/la-seleccion-de-rafa-montenegro\/\" target=\"_self\" rel=\"bookmark noopener noreferrer\">La selecci\u00f3n de Rafa (Montenegro)<\/a>\n\t\t\t<\/h4>\n\t\t\t\t\t\t<div class='uagb-post__text uagb-post-grid-byline'>\n\t\t\t\t\t\t\t\t<time datetime=\"2024-09-08T15:53:31+00:00\" class=\"uagb-post__date\">\n\t\t\t\t<span class=\"dashicons-calendar dashicons\"><\/span>\t\t\t\t\tSeptember 8, 2024\t\t\t\t<\/time>\n\t\t\t\t\t\t\t<span class=\"uagb-post__comment\">\n\t\t\t\t<span class=\"dashicons-admin-comments dashicons\"><\/span>\t\t\t\t\tNo Comments\t\t\t\t<\/span>\n\t\t\t\t\t\t<\/div>\n\t\t\t\t\t\t\t<div class='uagb-post__text uagb-post__excerpt'>\n\t\t\t\t\t<p>De una peque\u00f1a colecci\u00f3n del viaje a Montenegro (agosto del 2024), el Rafa se atrevi\u00f3&#8230;\t\t\t\t<\/div>\n\t\t\t\n\t\t\t\t\t\t\t\t\t<\/article>\n\t\t\t\t\t\t\t\t\t\t\t\t\t\t\t\t<article class=\"uagb-post__inner-wrap\">\t\t\t\t\t\t\t\t<div class='uagb-post__image'>\n\t\t\t\t\t\t\t\t\t<a href=\"https:\/\/elpuente.pictures\/en\/beogradska-gora\/\" target=\"_self\" rel=\"bookmark noopener noreferrer\"><img loading=\"lazy\" decoding=\"async\" width=\"768\" height=\"1024\" src=\"https:\/\/elpuente.pictures\/wp-content\/uploads\/2024\/09\/Rafa1-768x1024.jpeg\" class=\"attachment-large size-large\" alt=\"\" srcset=\"https:\/\/elpuente.pictures\/wp-content\/uploads\/2024\/09\/Rafa1-768x1025.jpeg 768w, https:\/\/elpuente.pictures\/wp-content\/uploads\/2024\/09\/Rafa1-225x300.jpeg 225w, https:\/\/elpuente.pictures\/wp-content\/uploads\/2024\/09\/Rafa1-1151x1536.jpeg 1151w, https:\/\/elpuente.pictures\/wp-content\/uploads\/2024\/09\/Rafa1.jpeg 1535w\" sizes=\"auto, (max-width: 768px) 100vw, 768px\" \/>\t\t\t\t\t<\/a>\n\t\t\t\t\t\t\t\t\t<\/div>\n\t\t\t\t\t\t<h4 class=\"uagb-post__title uagb-post__text\">\n\t\t\t\t<a href=\"https:\/\/elpuente.pictures\/en\/beogradska-gora\/\" target=\"_self\" rel=\"bookmark noopener noreferrer\">Beogradska Gora<\/a>\n\t\t\t<\/h4>\n\t\t\t\t\t\t<div class='uagb-post__text uagb-post-grid-byline'>\n\t\t\t\t\t\t\t\t<time datetime=\"2024-08-13T11:20:56+00:00\" class=\"uagb-post__date\">\n\t\t\t\t<span class=\"dashicons-calendar dashicons\"><\/span>\t\t\t\t\tAugust 13, 2024\t\t\t\t<\/time>\n\t\t\t\t\t\t\t<span class=\"uagb-post__comment\">\n\t\t\t\t<span class=\"dashicons-admin-comments dashicons\"><\/span>\t\t\t\t\tNo Comments\t\t\t\t<\/span>\n\t\t\t\t\t\t<\/div>\n\t\t\t\t\t\t\t<div class='uagb-post__text uagb-post__excerpt'>\n\t\t\t\t\t<p>Este Parque Nacional es toda una pasada. Hace a\u00f1os me dijeron: Debes ir al segundo&#8230;\t\t\t\t<\/div>\n\t\t\t\n\t\t\t\t\t\t\t\t\t<\/article>\n\t\t\t\t\t\t\t\t\t\t\t\t\t\t\t\t<article class=\"uagb-post__inner-wrap\">\t\t\t\t\t\t\t\t<div class='uagb-post__image'>\n\t\t\t\t\t\t\t\t\t<a href=\"https:\/\/elpuente.pictures\/en\/la-gaviota-playa-familiar\/\" target=\"_self\" rel=\"bookmark noopener noreferrer\"><img loading=\"lazy\" decoding=\"async\" width=\"790\" height=\"519\" src=\"https:\/\/elpuente.pictures\/wp-content\/uploads\/2024\/09\/nggallery_import\/1723876804879-1024x673.jpg\" class=\"attachment-large size-large\" alt=\"\" srcset=\"https:\/\/elpuente.pictures\/wp-content\/uploads\/2024\/09\/nggallery_import\/1723876804879-1024x673.jpg 1024w, https:\/\/elpuente.pictures\/wp-content\/uploads\/2024\/09\/nggallery_import\/1723876804879-300x197.jpg 300w, https:\/\/elpuente.pictures\/wp-content\/uploads\/2024\/09\/nggallery_import\/1723876804879-768x505.jpg 768w, https:\/\/elpuente.pictures\/wp-content\/uploads\/2024\/09\/nggallery_import\/1723876804879-1536x1009.jpg 1536w, https:\/\/elpuente.pictures\/wp-content\/uploads\/2024\/09\/nggallery_import\/1723876804879.jpg 1800w\" sizes=\"auto, (max-width: 790px) 100vw, 790px\" \/>\t\t\t\t\t<\/a>\n\t\t\t\t\t\t\t\t\t<\/div>\n\t\t\t\t\t\t<h4 class=\"uagb-post__title uagb-post__text\">\n\t\t\t\t<a href=\"https:\/\/elpuente.pictures\/en\/la-gaviota-playa-familiar\/\" target=\"_self\" rel=\"bookmark noopener noreferrer\">La Gaviota (playa familiar)<\/a>\n\t\t\t<\/h4>\n\t\t\t\t\t\t<div class='uagb-post__text uagb-post-grid-byline'>\n\t\t\t\t\t\t\t\t<time datetime=\"2024-08-01T11:26:29+00:00\" class=\"uagb-post__date\">\n\t\t\t\t<span class=\"dashicons-calendar dashicons\"><\/span>\t\t\t\t\tAugust 1, 2024\t\t\t\t<\/time>\n\t\t\t\t\t\t\t<span class=\"uagb-post__comment\">\n\t\t\t\t<span class=\"dashicons-admin-comments dashicons\"><\/span>\t\t\t\t\tNo Comments\t\t\t\t<\/span>\n\t\t\t\t\t\t<\/div>\n\t\t\t\t\t\t\t<div class='uagb-post__text uagb-post__excerpt'>\n\t\t\t\t\t<p>Muy cerca de Kotor, pasado Dobrota&#8230; hay una playa que, particularmente, me parece encantadora: &#8216;La&#8230;\t\t\t\t<\/div>\n\t\t\t\n\t\t\t\t\t\t\t\t\t<\/article>\n\t\t\t\t\t\t\t\t\t\t\t<\/div>\n\t\t\t<\/div><\/div>\n","protected":false},"excerpt":{"rendered":"","protected":false},"author":1,"featured_media":0,"parent":0,"menu_order":0,"comment_status":"closed","ping_status":"closed","template":"","meta":{"_uag_custom_page_level_css":"","_monsterinsights_skip_tracking":false,"_monsterinsights_sitenote_active":false,"_monsterinsights_sitenote_note":"","_monsterinsights_sitenote_category":0,"ngg_post_thumbnail":0,"footnotes":""},"class_list":["post-1079","page","type-page","status-publish","hentry"],"aioseo_notices":[],"uagb_featured_image_src":{"full":false,"thumbnail":false,"medium":false,"medium_large":false,"large":false,"1536x1536":false,"2048x2048":false},"uagb_author_info":{"display_name":"jose.blen.flores@gmail.com","author_link":"https:\/\/elpuente.pictures\/en\/author\/jose-blen-floresgmail-com\/"},"uagb_comment_info":0,"uagb_excerpt":null,"_links":{"self":[{"href":"https:\/\/elpuente.pictures\/en\/wp-json\/wp\/v2\/pages\/1079","targetHints":{"allow":["GET"]}}],"collection":[{"href":"https:\/\/elpuente.pictures\/en\/wp-json\/wp\/v2\/pages"}],"about":[{"href":"https:\/\/elpuente.pictures\/en\/wp-json\/wp\/v2\/types\/page"}],"author":[{"embeddable":true,"href":"https:\/\/elpuente.pictures\/en\/wp-json\/wp\/v2\/users\/1"}],"replies":[{"embeddable":true,"href":"https:\/\/elpuente.pictures\/en\/wp-json\/wp\/v2\/comments?post=1079"}],"version-history":[{"count":3,"href":"https:\/\/elpuente.pictures\/en\/wp-json\/wp\/v2\/pages\/1079\/revisions"}],"predecessor-version":[{"id":1818,"href":"https:\/\/elpuente.pictures\/en\/wp-json\/wp\/v2\/pages\/1079\/revisions\/1818"}],"wp:attachment":[{"href":"https:\/\/elpuente.pictures\/en\/wp-json\/wp\/v2\/media?parent=1079"}],"curies":[{"name":"wp","href":"https:\/\/api.w.org\/{rel}","templated":true}]}}